{"id":36,"date":"2024-12-12T10:42:55","date_gmt":"2024-12-12T10:42:55","guid":{"rendered":"https:\/\/desertmarrakechtours.com\/?page_id=36"},"modified":"2025-02-27T22:42:22","modified_gmt":"2025-02-27T22:42:22","slug":"excursiones-por-el-desierto-de-marrakech","status":"publish","type":"page","link":"https:\/\/desertmarrakechtours.com\/es\/excursiones-por-el-desierto-de-marrakech\/","title":{"rendered":"Marrakech Desert Tours"},"content":{"rendered":"<div data-elementor-type=\"wp-page\" data-elementor-id=\"36\" class=\"elementor elementor-36\">\n\t\t\t\t<div class=\"elementor-element elementor-element-2af836a3 e-flex e-con-boxed wpr-particle-no wpr-jarallax-no wpr-parallax-no wpr-sticky-section-no e-con e-parent\" data-id=\"2af836a3\" data-element_type=\"container\" data-e-type=\"container\" data-settings=\"{&quot;background_background&quot;:&quot;classic&quot;}\">\n\t\t\t\t\t<div class=\"e-con-inner\">\n\t\t\t\t\t<\/div>\n\t\t\t\t<\/div>\n\t\t<div class=\"elementor-element elementor-element-7748caf8 e-flex e-con-boxed wpr-particle-no wpr-jarallax-no wpr-parallax-no wpr-sticky-section-no e-con e-parent\" data-id=\"7748caf8\" data-element_type=\"container\" data-e-type=\"container\">\n\t\t\t\t\t<div class=\"e-con-inner\">\n\t\t<div class=\"elementor-element elementor-element-36378f2c e-con-full e-flex wpr-particle-no wpr-jarallax-no wpr-parallax-no wpr-sticky-section-no e-con e-child\" data-id=\"36378f2c\" data-element_type=\"container\" data-e-type=\"container\">\n\t\t\t\t<div class=\"elementor-element elementor-element-560b1235 elementor-widget elementor-widget-heading\" data-id=\"560b1235\" data-element_type=\"widget\" data-e-type=\"widget\" data-widget_type=\"heading.default\">\n\t\t\t\t<div class=\"elementor-widget-container\">\n\t\t\t\t\t<h1 class=\"elementor-heading-title elementor-size-default\">Excursiones por el desierto de Marrakech<\/h1>\t\t\t\t<\/div>\n\t\t\t\t<\/div>\n\t\t\t\t<div class=\"elementor-element elementor-element-7c96f6e0 elementor-widget elementor-widget-text-editor\" data-id=\"7c96f6e0\" data-element_type=\"widget\" data-e-type=\"widget\" data-widget_type=\"text-editor.default\">\n\t\t\t\t<div class=\"elementor-widget-container\">\n\t\t\t\t\t\t\t\t\t<p data-pm-slice=\"1 1 []\">Esc\u00e1pese de las bulliciosas calles de Marrakech y viaje al coraz\u00f3n del S\u00e1hara con nuestro <strong data-start=\"158\" data-end=\"184\">Rutas por el desierto de Marrakech<\/strong>. Cabalgue en camello por dunas doradas, duerma bajo un cielo estrellado en un campamento bereber tradicional y explore antiguas kasbahs por el camino. Tanto si busca una escapada corta como una aventura de varios d\u00edas, nuestras excursiones ofrecen una mezcla perfecta de cultura, aventura e impresionantes paisajes. Prep\u00e1rese para vivir una experiencia sin igual: \u00a1su aventura por el desierto comienza aqu\u00ed!<\/p>\t\t\t\t\t\t\t\t<\/div>\n\t\t\t\t<\/div>\n\t\t\t\t<\/div>\n\t\t\t\t\t<\/div>\n\t\t\t\t<\/div>\n\t\t<div class=\"elementor-element elementor-element-a73e644 e-flex e-con-boxed wpr-particle-no wpr-jarallax-no wpr-parallax-no wpr-sticky-section-no e-con e-parent\" data-id=\"a73e644\" data-element_type=\"container\" data-e-type=\"container\">\n\t\t\t\t\t<div class=\"e-con-inner\">\n\t\t\t\t<div class=\"elementor-element elementor-element-517f62b0 elementor-view-default elementor-widget elementor-widget-icon\" data-id=\"517f62b0\" data-element_type=\"widget\" data-e-type=\"widget\" data-settings=\"{&quot;_animation&quot;:&quot;none&quot;}\" data-widget_type=\"icon.default\">\n\t\t\t\t<div class=\"elementor-widget-container\">\n\t\t\t\t\t\t\t<div class=\"elementor-icon-wrapper\">\n\t\t\t<div class=\"elementor-icon\">\n\t\t\t<svg aria-hidden=\"true\" class=\"e-font-icon-svg e-fas-long-arrow-alt-down\" viewbox=\"0 0 256 512\" xmlns=\"http:\/\/www.w3.org\/2000\/svg\"><path d=\"M168 345.941V44c0-6.627-5.373-12-12-12h-56c-6.627 0-12 5.373-12 12v301.941H41.941c-21.382 0-32.09 25.851-16.971 40.971l86.059 86.059c9.373 9.373 24.569 9.373 33.941 0l86.059-86.059c15.119-15.119 4.411-40.971-16.971-40.971H168z\"><\/path><\/svg>\t\t\t<\/div>\n\t\t<\/div>\n\t\t\t\t\t\t<\/div>\n\t\t\t\t<\/div>\n\t\t\t\t\t<\/div>\n\t\t\t\t<\/div>\n\t\t\t\t<section class=\"elementor-section elementor-top-section elementor-element elementor-element-6906c645 elementor-section-boxed elementor-section-height-default elementor-section-height-default wpr-particle-no wpr-jarallax-no wpr-parallax-no wpr-sticky-section-no\" data-id=\"6906c645\" data-element_type=\"section\" data-e-type=\"section\">\n\t\t\t\t\t\t<div class=\"elementor-container elementor-column-gap-default\">\n\t\t\t\t\t<div class=\"elementor-column elementor-col-100 elementor-top-column elementor-element elementor-element-c4034d1\" data-id=\"c4034d1\" data-element_type=\"column\" data-e-type=\"column\">\n\t\t\t<div class=\"elementor-widget-wrap elementor-element-populated\">\n\t\t\t\t\t\t<div class=\"elementor-element elementor-element-4070773a elementor-grid-eael-col-4 elementor-grid-tablet-eael-col-2 elementor-grid-mobile-eael-col-1 elementor-widget elementor-widget-eael-post-grid\" data-id=\"4070773a\" data-element_type=\"widget\" data-e-type=\"widget\" data-settings=\"{&quot;eael_post_grid_columns&quot;:&quot;eael-col-4&quot;,&quot;eael_post_grid_columns_tablet&quot;:&quot;eael-col-2&quot;,&quot;eael_post_grid_columns_mobile&quot;:&quot;eael-col-1&quot;}\" data-widget_type=\"eael-post-grid.default\">\n\t\t\t\t<div class=\"elementor-widget-container\">\n\t\t\t\t\t<div id=\"eael-post-grid-4070773a\" class=\"eael-post-grid-container\">\n            <div class=\"eael-post-grid eael-post-appender eael-post-appender-4070773a eael-post-grid-style-one\" data-layout-mode=\"grid\"><article class=\"eael-grid-post  eael-post-grid-column eael-pg-post-861\" data-id=\"861\">\n        <div class=\"eael-grid-post-holder\">\n            <div class=\"eael-grid-post-holder-inner\"><div class=\"eael-entry-media\"><div class=\"eael-entry-overlay fade-in\"><i class=\"fas fa-long-arrow-alt-right\" aria-hidden=\"true\"><\/i><a href=\"https:\/\/desertmarrakechtours.com\/es\/excursiones-por-el-desierto-desde-marrakech\/tour-de-5-dias-desde-marrakech-al-desierto-de-merzouga\/\"><\/a><\/div><div class=\"eael-entry-thumbnail\">\n                <img fetchpriority=\"high\" decoding=\"async\" width=\"900\" height=\"596\" src=\"https:\/\/desertmarrakechtours.com\/wp-content\/uploads\/2024\/12\/Marrakech-to-Merzouga-Desert-Tour-5-Days.jpg\" class=\"attachment-full size-full wp-image-862\" alt=\"Marrakech a Merzouga: 5 d\u00edas por el desierto\" srcset=\"https:\/\/desertmarrakechtours.com\/wp-content\/uploads\/2024\/12\/Marrakech-to-Merzouga-Desert-Tour-5-Days.jpg 900w, https:\/\/desertmarrakechtours.com\/wp-content\/uploads\/2024\/12\/Marrakech-to-Merzouga-Desert-Tour-5-Days-300x199.jpg 300w, https:\/\/desertmarrakechtours.com\/wp-content\/uploads\/2024\/12\/Marrakech-to-Merzouga-Desert-Tour-5-Days-768x509.jpg 768w\" sizes=\"(max-width: 900px) 100vw, 900px\" \/>\n            <\/div>\n        <\/div><div class=\"eael-entry-wrapper\"><header class=\"eael-entry-header\"><h4 class=\"eael-entry-title\"><a class=\"eael-grid-post-link\" href=\"https:\/\/desertmarrakechtours.com\/es\/excursiones-por-el-desierto-desde-marrakech\/tour-de-5-dias-desde-marrakech-al-desierto-de-merzouga\/\" title=\"Marrakech a Merzouga: 5 d\u00edas por el desierto\">Marrakech a Merzouga: 5 d\u00edas por el desierto<\/a><\/h4><\/header><div class=\"eael-entry-content\">\n                        <div class=\"eael-grid-post-excerpt\"><a href=\"https:\/\/desertmarrakechtours.com\/es\/excursiones-por-el-desierto-desde-marrakech\/tour-de-5-dias-desde-marrakech-al-desierto-de-merzouga\/\" class=\"eael-post-elements-readmore-btn\">Leer m\u00e1s<\/a><\/div>\n                    <\/div><\/div><\/div>\n        <\/div>\n    <\/article><article class=\"eael-grid-post  eael-post-grid-column eael-pg-post-855\" data-id=\"855\">\n        <div class=\"eael-grid-post-holder\">\n            <div class=\"eael-grid-post-holder-inner\"><div class=\"eael-entry-media\"><div class=\"eael-entry-overlay fade-in\"><i class=\"fas fa-long-arrow-alt-right\" aria-hidden=\"true\"><\/i><a href=\"https:\/\/desertmarrakechtours.com\/es\/excursiones-por-el-desierto-desde-marrakech\/marrakech-a-chefchaouen-5-dias-por-el-desierto\/\"><\/a><\/div><div class=\"eael-entry-thumbnail\">\n                <img decoding=\"async\" width=\"900\" height=\"596\" src=\"https:\/\/desertmarrakechtours.com\/wp-content\/uploads\/2024\/12\/Marrakech-to-Chefchaouen-Desert-Tour-5-Days.jpg\" class=\"attachment-full size-full wp-image-856\" alt=\"Marrakech a Chefchaouen: 5 d\u00edas por el desierto\" srcset=\"https:\/\/desertmarrakechtours.com\/wp-content\/uploads\/2024\/12\/Marrakech-to-Chefchaouen-Desert-Tour-5-Days.jpg 900w, https:\/\/desertmarrakechtours.com\/wp-content\/uploads\/2024\/12\/Marrakech-to-Chefchaouen-Desert-Tour-5-Days-300x199.jpg 300w, https:\/\/desertmarrakechtours.com\/wp-content\/uploads\/2024\/12\/Marrakech-to-Chefchaouen-Desert-Tour-5-Days-768x509.jpg 768w\" sizes=\"(max-width: 900px) 100vw, 900px\" \/>\n            <\/div>\n        <\/div><div class=\"eael-entry-wrapper\"><header class=\"eael-entry-header\"><h4 class=\"eael-entry-title\"><a class=\"eael-grid-post-link\" href=\"https:\/\/desertmarrakechtours.com\/es\/excursiones-por-el-desierto-desde-marrakech\/marrakech-a-chefchaouen-5-dias-por-el-desierto\/\" title=\"Marrakech a Chefchaouen: 5 d\u00edas por el desierto\">Marrakech a Chefchaouen: 5 d\u00edas por el desierto<\/a><\/h4><\/header><div class=\"eael-entry-content\">\n                        <div class=\"eael-grid-post-excerpt\"><a href=\"https:\/\/desertmarrakechtours.com\/es\/excursiones-por-el-desierto-desde-marrakech\/marrakech-a-chefchaouen-5-dias-por-el-desierto\/\" class=\"eael-post-elements-readmore-btn\">Leer m\u00e1s<\/a><\/div>\n                    <\/div><\/div><\/div>\n        <\/div>\n    <\/article><article class=\"eael-grid-post  eael-post-grid-column eael-pg-post-848\" data-id=\"848\">\n        <div class=\"eael-grid-post-holder\">\n            <div class=\"eael-grid-post-holder-inner\"><div class=\"eael-entry-media\"><div class=\"eael-entry-overlay fade-in\"><i class=\"fas fa-long-arrow-alt-right\" aria-hidden=\"true\"><\/i><a href=\"https:\/\/desertmarrakechtours.com\/es\/excursiones-por-el-desierto-desde-marrakech\/de-marrakech-a-zagora-2-dias-por-el-desierto\/\"><\/a><\/div><div class=\"eael-entry-thumbnail\">\n                <img decoding=\"async\" width=\"900\" height=\"596\" src=\"https:\/\/desertmarrakechtours.com\/wp-content\/uploads\/2024\/12\/Marrakech-to-Zagora-Desert-Tour-2-Days.jpg\" class=\"attachment-full size-full wp-image-849\" alt=\"Excursi\u00f3n de 2 d\u00edas desde Marrakech al desierto de Zagora\" srcset=\"https:\/\/desertmarrakechtours.com\/wp-content\/uploads\/2024\/12\/Marrakech-to-Zagora-Desert-Tour-2-Days.jpg 900w, https:\/\/desertmarrakechtours.com\/wp-content\/uploads\/2024\/12\/Marrakech-to-Zagora-Desert-Tour-2-Days-300x199.jpg 300w, https:\/\/desertmarrakechtours.com\/wp-content\/uploads\/2024\/12\/Marrakech-to-Zagora-Desert-Tour-2-Days-768x509.jpg 768w\" sizes=\"(max-width: 900px) 100vw, 900px\" \/>\n            <\/div>\n        <\/div><div class=\"eael-entry-wrapper\"><header class=\"eael-entry-header\"><h4 class=\"eael-entry-title\"><a class=\"eael-grid-post-link\" href=\"https:\/\/desertmarrakechtours.com\/es\/excursiones-por-el-desierto-desde-marrakech\/de-marrakech-a-zagora-2-dias-por-el-desierto\/\" title=\"Marrakech a Zagora: 2 d\u00edas por el desierto\">Marrakech a Zagora: 2 d\u00edas por el desierto<\/a><\/h4><\/header><div class=\"eael-entry-content\">\n                        <div class=\"eael-grid-post-excerpt\"><a href=\"https:\/\/desertmarrakechtours.com\/es\/excursiones-por-el-desierto-desde-marrakech\/de-marrakech-a-zagora-2-dias-por-el-desierto\/\" class=\"eael-post-elements-readmore-btn\">Leer m\u00e1s<\/a><\/div>\n                    <\/div><\/div><\/div>\n        <\/div>\n    <\/article><article class=\"eael-grid-post  eael-post-grid-column eael-pg-post-784\" data-id=\"784\">\n        <div class=\"eael-grid-post-holder\">\n            <div class=\"eael-grid-post-holder-inner\"><div class=\"eael-entry-media\"><div class=\"eael-entry-overlay fade-in\"><i class=\"fas fa-long-arrow-alt-right\" aria-hidden=\"true\"><\/i><a href=\"https:\/\/desertmarrakechtours.com\/es\/excursiones-por-el-desierto-desde-marrakech\/de-marrakech-a-merzouga-2-dias-por-el-desierto\/\"><\/a><\/div><div class=\"eael-entry-thumbnail\">\n                <img loading=\"lazy\" decoding=\"async\" width=\"900\" height=\"596\" src=\"https:\/\/desertmarrakechtours.com\/wp-content\/uploads\/2024\/12\/Marrakech-to-Merzouga-Desert-Tour-2-Days.jpg\" class=\"attachment-full size-full wp-image-851\" alt=\"Marrakech a Merzouga: 2 d\u00edas por el desierto\" srcset=\"https:\/\/desertmarrakechtours.com\/wp-content\/uploads\/2024\/12\/Marrakech-to-Merzouga-Desert-Tour-2-Days.jpg 900w, https:\/\/desertmarrakechtours.com\/wp-content\/uploads\/2024\/12\/Marrakech-to-Merzouga-Desert-Tour-2-Days-300x199.jpg 300w, https:\/\/desertmarrakechtours.com\/wp-content\/uploads\/2024\/12\/Marrakech-to-Merzouga-Desert-Tour-2-Days-768x509.jpg 768w\" sizes=\"(max-width: 900px) 100vw, 900px\" \/>\n            <\/div>\n        <\/div><div class=\"eael-entry-wrapper\"><header class=\"eael-entry-header\"><h4 class=\"eael-entry-title\"><a class=\"eael-grid-post-link\" href=\"https:\/\/desertmarrakechtours.com\/es\/excursiones-por-el-desierto-desde-marrakech\/de-marrakech-a-merzouga-2-dias-por-el-desierto\/\" title=\"Marrakech a Merzouga: 2 d\u00edas por el desierto\">Marrakech a Merzouga: 2 d\u00edas por el desierto<\/a><\/h4><\/header><div class=\"eael-entry-content\">\n                        <div class=\"eael-grid-post-excerpt\"><a href=\"https:\/\/desertmarrakechtours.com\/es\/excursiones-por-el-desierto-desde-marrakech\/de-marrakech-a-merzouga-2-dias-por-el-desierto\/\" class=\"eael-post-elements-readmore-btn\">Leer m\u00e1s<\/a><\/div>\n                    <\/div><\/div><\/div>\n        <\/div>\n    <\/article><article class=\"eael-grid-post  eael-post-grid-column eael-pg-post-113\" data-id=\"113\">\n        <div class=\"eael-grid-post-holder\">\n            <div class=\"eael-grid-post-holder-inner\"><div class=\"eael-entry-media\"><div class=\"eael-entry-overlay fade-in\"><i class=\"fas fa-long-arrow-alt-right\" aria-hidden=\"true\"><\/i><a href=\"https:\/\/desertmarrakechtours.com\/es\/excursiones-por-el-desierto-desde-marrakech\/ruta-de-marrakech-al-desierto-de-fez-4-dias\/\"><\/a><\/div><div class=\"eael-entry-thumbnail\">\n                <img loading=\"lazy\" decoding=\"async\" width=\"404\" height=\"500\" src=\"https:\/\/desertmarrakechtours.com\/wp-content\/uploads\/2024\/12\/Marrakech-to-Fes-Desert-Tour-4-Days.jpg\" class=\"attachment-full size-full wp-image-114\" alt=\"Marrakech a Fez: 4 d\u00edas por el desierto\" srcset=\"https:\/\/desertmarrakechtours.com\/wp-content\/uploads\/2024\/12\/Marrakech-to-Fes-Desert-Tour-4-Days.jpg 404w, https:\/\/desertmarrakechtours.com\/wp-content\/uploads\/2024\/12\/Marrakech-to-Fes-Desert-Tour-4-Days-242x300.jpg 242w\" sizes=\"(max-width: 404px) 100vw, 404px\" \/>\n            <\/div>\n        <\/div><div class=\"eael-entry-wrapper\"><header class=\"eael-entry-header\"><h4 class=\"eael-entry-title\"><a class=\"eael-grid-post-link\" href=\"https:\/\/desertmarrakechtours.com\/es\/excursiones-por-el-desierto-desde-marrakech\/ruta-de-marrakech-al-desierto-de-fez-4-dias\/\" title=\"Marrakech a Fez: 4 d\u00edas por el desierto\">Marrakech a Fez: 4 d\u00edas por el desierto<\/a><\/h4><\/header><div class=\"eael-entry-content\">\n                        <div class=\"eael-grid-post-excerpt\"><a href=\"https:\/\/desertmarrakechtours.com\/es\/excursiones-por-el-desierto-desde-marrakech\/ruta-de-marrakech-al-desierto-de-fez-4-dias\/\" class=\"eael-post-elements-readmore-btn\">Leer m\u00e1s<\/a><\/div>\n                    <\/div><\/div><\/div>\n        <\/div>\n    <\/article><article class=\"eael-grid-post  eael-post-grid-column eael-pg-post-110\" data-id=\"110\">\n        <div class=\"eael-grid-post-holder\">\n            <div class=\"eael-grid-post-holder-inner\"><div class=\"eael-entry-media\"><div class=\"eael-entry-overlay fade-in\"><i class=\"fas fa-long-arrow-alt-right\" aria-hidden=\"true\"><\/i><a href=\"https:\/\/desertmarrakechtours.com\/es\/excursiones-por-el-desierto-desde-marrakech\/ruta-de-3-dias-de-marrakech-al-desierto-de-fez\/\"><\/a><\/div><div class=\"eael-entry-thumbnail\">\n                <img loading=\"lazy\" decoding=\"async\" width=\"404\" height=\"500\" src=\"https:\/\/desertmarrakechtours.com\/wp-content\/uploads\/2024\/12\/3-day-Marrakech-to-Fes-Desert-Tour.jpg\" class=\"attachment-full size-full wp-image-111\" alt=\"Excursi\u00f3n de 3 d\u00edas desde Marrakech a Fez por el desierto\" srcset=\"https:\/\/desertmarrakechtours.com\/wp-content\/uploads\/2024\/12\/3-day-Marrakech-to-Fes-Desert-Tour.jpg 404w, https:\/\/desertmarrakechtours.com\/wp-content\/uploads\/2024\/12\/3-day-Marrakech-to-Fes-Desert-Tour-242x300.jpg 242w\" sizes=\"(max-width: 404px) 100vw, 404px\" \/>\n            <\/div>\n        <\/div><div class=\"eael-entry-wrapper\"><header class=\"eael-entry-header\"><h4 class=\"eael-entry-title\"><a class=\"eael-grid-post-link\" href=\"https:\/\/desertmarrakechtours.com\/es\/excursiones-por-el-desierto-desde-marrakech\/ruta-de-3-dias-de-marrakech-al-desierto-de-fez\/\" title=\"Excursi\u00f3n de 3 d\u00edas de Marrakech a Fez por el desierto\">Excursi\u00f3n de 3 d\u00edas de Marrakech a Fez por el desierto<\/a><\/h4><\/header><div class=\"eael-entry-content\">\n                        <div class=\"eael-grid-post-excerpt\"><a href=\"https:\/\/desertmarrakechtours.com\/es\/excursiones-por-el-desierto-desde-marrakech\/ruta-de-3-dias-de-marrakech-al-desierto-de-fez\/\" class=\"eael-post-elements-readmore-btn\">Leer m\u00e1s<\/a><\/div>\n                    <\/div><\/div><\/div>\n        <\/div>\n    <\/article><article class=\"eael-grid-post  eael-post-grid-column eael-pg-post-107\" data-id=\"107\">\n        <div class=\"eael-grid-post-holder\">\n            <div class=\"eael-grid-post-holder-inner\"><div class=\"eael-entry-media\"><div class=\"eael-entry-overlay fade-in\"><i class=\"fas fa-long-arrow-alt-right\" aria-hidden=\"true\"><\/i><a href=\"https:\/\/desertmarrakechtours.com\/es\/excursiones-por-el-desierto-desde-marrakech\/4-dias-marruecos-sahara-desierto-desde-marrakech\/\"><\/a><\/div><div class=\"eael-entry-thumbnail\">\n                <img loading=\"lazy\" decoding=\"async\" width=\"404\" height=\"500\" src=\"https:\/\/desertmarrakechtours.com\/wp-content\/uploads\/2024\/12\/4-Day-from-Marrakech-to-Merzouga-Desert.jpg\" class=\"attachment-full size-full wp-image-108\" alt=\"Excursi\u00f3n de 4 d\u00edas al desierto del S\u00e1hara de Marruecos desde Marrakech\" srcset=\"https:\/\/desertmarrakechtours.com\/wp-content\/uploads\/2024\/12\/4-Day-from-Marrakech-to-Merzouga-Desert.jpg 404w, https:\/\/desertmarrakechtours.com\/wp-content\/uploads\/2024\/12\/4-Day-from-Marrakech-to-Merzouga-Desert-242x300.jpg 242w\" sizes=\"(max-width: 404px) 100vw, 404px\" \/>\n            <\/div>\n        <\/div><div class=\"eael-entry-wrapper\"><header class=\"eael-entry-header\"><h4 class=\"eael-entry-title\"><a class=\"eael-grid-post-link\" href=\"https:\/\/desertmarrakechtours.com\/es\/excursiones-por-el-desierto-desde-marrakech\/4-dias-marruecos-sahara-desierto-desde-marrakech\/\" title=\"4 D\u00edas Marruecos Desierto del Sahara Tour desde Marrakech\">4 D\u00edas Marruecos Desierto del Sahara Tour desde Marrakech<\/a><\/h4><\/header><div class=\"eael-entry-content\">\n                        <div class=\"eael-grid-post-excerpt\"><a href=\"https:\/\/desertmarrakechtours.com\/es\/excursiones-por-el-desierto-desde-marrakech\/4-dias-marruecos-sahara-desierto-desde-marrakech\/\" class=\"eael-post-elements-readmore-btn\">Leer m\u00e1s<\/a><\/div>\n                    <\/div><\/div><\/div>\n        <\/div>\n    <\/article><article class=\"eael-grid-post  eael-post-grid-column eael-pg-post-104\" data-id=\"104\">\n        <div class=\"eael-grid-post-holder\">\n            <div class=\"eael-grid-post-holder-inner\"><div class=\"eael-entry-media\"><div class=\"eael-entry-overlay fade-in\"><i class=\"fas fa-long-arrow-alt-right\" aria-hidden=\"true\"><\/i><a href=\"https:\/\/desertmarrakechtours.com\/es\/excursiones-por-el-desierto-desde-marrakech\/ruta-3-dias-marrakech-merzouga-desierto\/\"><\/a><\/div><div class=\"eael-entry-thumbnail\">\n                <img loading=\"lazy\" decoding=\"async\" width=\"404\" height=\"500\" src=\"https:\/\/desertmarrakechtours.com\/wp-content\/uploads\/2024\/12\/3-day-Marrakech-to-Merzouga-Desert-Tour.jpg\" class=\"attachment-full size-full wp-image-105\" alt=\"Tour de 3 d\u00edas por el desierto desde Marrakech a Merzouga\" srcset=\"https:\/\/desertmarrakechtours.com\/wp-content\/uploads\/2024\/12\/3-day-Marrakech-to-Merzouga-Desert-Tour.jpg 404w, https:\/\/desertmarrakechtours.com\/wp-content\/uploads\/2024\/12\/3-day-Marrakech-to-Merzouga-Desert-Tour-242x300.jpg 242w\" sizes=\"(max-width: 404px) 100vw, 404px\" \/>\n            <\/div>\n        <\/div><div class=\"eael-entry-wrapper\"><header class=\"eael-entry-header\"><h4 class=\"eael-entry-title\"><a class=\"eael-grid-post-link\" href=\"https:\/\/desertmarrakechtours.com\/es\/excursiones-por-el-desierto-desde-marrakech\/ruta-3-dias-marrakech-merzouga-desierto\/\" title=\"Excursi\u00f3n de 3 d\u00edas por el desierto de Marrakech a Merzouga\">Excursi\u00f3n de 3 d\u00edas por el desierto de Marrakech a Merzouga<\/a><\/h4><\/header><div class=\"eael-entry-content\">\n                        <div class=\"eael-grid-post-excerpt\"><a href=\"https:\/\/desertmarrakechtours.com\/es\/excursiones-por-el-desierto-desde-marrakech\/ruta-3-dias-marrakech-merzouga-desierto\/\" class=\"eael-post-elements-readmore-btn\">Leer m\u00e1s<\/a><\/div>\n                    <\/div><\/div><\/div>\n        <\/div>\n    <\/article><\/div>\n            <div class=\"clearfix\"><\/div>\n        <\/div>\t\t\t\t<\/div>\n\t\t\t\t<\/div>\n\t\t\t\t\t<\/div>\n\t\t<\/div>\n\t\t\t\t\t<\/div>\n\t\t<\/section>\n\t\t\t\t<\/div>","protected":false},"excerpt":{"rendered":"<p>Marrakech Desert Tours &amp; Excursions Escape the bustling streets of Marrakech and journey into the heart of the Sahara with our Marrakech desert tours. Ride camels across golden dunes, sleep under a star-filled sky in a traditional Berber camp, and explore ancient kasbahs along the way. Whether you&#8217;re looking for a short getaway or a multi-day adventure, our tours offer a perfect blend of culture, adventure, and breathtaking landscapes. Get ready for an experience like no other\u2014your desert adventure starts here! Marrakech to Merzouga Desert Tour 5 Days Read More Marrakech to Chefchaouen Desert Tour 5 Days Read More Marrakech to Zagora Desert Tour 2 Days Read More Marrakech to Merzouga Desert Tour 2 Days Read More Marrakech to Fes Desert Tour 4 Days Read More 3-Day Marrakech to Fes Desert Tour Read More 4 Days Morocco Sahara Desert Tour from Marrakech Read More 3 Days Desert Tour from Marrakech to Merzouga Read More<\/p>","protected":false},"author":1,"featured_media":2358,"parent":0,"menu_order":0,"comment_status":"closed","ping_status":"closed","template":"elementor_header_footer","meta":{"site-sidebar-layout":"no-sidebar","site-content-layout":"","ast-site-content-layout":"full-width-container","site-content-style":"default","site-sidebar-style":"default","ast-global-header-display":"","ast-banner-title-visibility":"","ast-main-header-display":"","ast-hfb-above-header-display":"","ast-hfb-below-header-display":"","ast-hfb-mobile-header-display":"","site-post-title":"disabled","ast-breadcrumbs-content":"","ast-featured-img":"disabled","footer-sml-layout":"","ast-disable-related-posts":"","theme-transparent-header-meta":"","adv-header-id-meta":"","stick-header-meta":"","header-above-stick-meta":"","header-main-stick-meta":"","header-below-stick-meta":"","astra-migrate-meta-layouts":"default","ast-page-background-enabled":"default","ast-page-background-meta":{"desktop":{"background-color":"var(--ast-global-color-4)","background-image":"","background-repeat":"repeat","background-position":"center center","background-size":"auto","background-attachment":"scroll","background-type":"","background-media":"","overlay-type":"","overlay-color":"","overlay-opacity":"","overlay-gradient":""},"tablet":{"background-color":"","background-image":"","background-repeat":"repeat","background-position":"center center","background-size":"auto","background-attachment":"scroll","background-type":"","background-media":"","overlay-type":"","overlay-color":"","overlay-opacity":"","overlay-gradient":""},"mobile":{"background-color":"","background-image":"","background-repeat":"repeat","background-position":"center center","background-size":"auto","background-attachment":"scroll","background-type":"","background-media":"","overlay-type":"","overlay-color":"","overlay-opacity":"","overlay-gradient":""}},"ast-content-background-meta":{"desktop":{"background-color":"var(--ast-global-color-5)","background-image":"","background-repeat":"repeat","background-position":"center center","background-size":"auto","background-attachment":"scroll","background-type":"","background-media":"","overlay-type":"","overlay-color":"","overlay-opacity":"","overlay-gradient":""},"tablet":{"background-color":"var(--ast-global-color-5)","background-image":"","background-repeat":"repeat","background-position":"center center","background-size":"auto","background-attachment":"scroll","background-type":"","background-media":"","overlay-type":"","overlay-color":"","overlay-opacity":"","overlay-gradient":""},"mobile":{"background-color":"var(--ast-global-color-5)","background-image":"","background-repeat":"repeat","background-position":"center center","background-size":"auto","background-attachment":"scroll","background-type":"","background-media":"","overlay-type":"","overlay-color":"","overlay-opacity":"","overlay-gradient":""}},"_glsr_average":0,"_glsr_ranking":0,"_glsr_reviews":0,"footnotes":""},"class_list":["post-36","page","type-page","status-publish","has-post-thumbnail","hentry"],"_links":{"self":[{"href":"https:\/\/desertmarrakechtours.com\/es\/wp-json\/wp\/v2\/pages\/36","targetHints":{"allow":["GET"]}}],"collection":[{"href":"https:\/\/desertmarrakechtours.com\/es\/wp-json\/wp\/v2\/pages"}],"about":[{"href":"https:\/\/desertmarrakechtours.com\/es\/wp-json\/wp\/v2\/types\/page"}],"author":[{"embeddable":true,"href":"https:\/\/desertmarrakechtours.com\/es\/wp-json\/wp\/v2\/users\/1"}],"replies":[{"embeddable":true,"href":"https:\/\/desertmarrakechtours.com\/es\/wp-json\/wp\/v2\/comments?post=36"}],"version-history":[{"count":11,"href":"https:\/\/desertmarrakechtours.com\/es\/wp-json\/wp\/v2\/pages\/36\/revisions"}],"predecessor-version":[{"id":2408,"href":"https:\/\/desertmarrakechtours.com\/es\/wp-json\/wp\/v2\/pages\/36\/revisions\/2408"}],"wp:featuredmedia":[{"embeddable":true,"href":"https:\/\/desertmarrakechtours.com\/es\/wp-json\/wp\/v2\/media\/2358"}],"wp:attachment":[{"href":"https:\/\/desertmarrakechtours.com\/es\/wp-json\/wp\/v2\/media?parent=36"}],"curies":[{"name":"wp","href":"https:\/\/api.w.org\/{rel}","templated":true}]}}