{"id":32,"date":"2024-12-12T10:42:02","date_gmt":"2024-12-12T10:42:02","guid":{"rendered":"https:\/\/desertmarrakechtours.com\/?page_id=32"},"modified":"2025-02-27T22:15:40","modified_gmt":"2025-02-27T22:15:40","slug":"excursiones-por-el-desierto-de-fez","status":"publish","type":"page","link":"https:\/\/desertmarrakechtours.com\/es\/excursiones-por-el-desierto-de-fez\/","title":{"rendered":"Viajes desde Fez"},"content":{"rendered":"<div data-elementor-type=\"wp-page\" data-elementor-id=\"32\" class=\"elementor elementor-32\">\n\t\t\t\t<div class=\"elementor-element elementor-element-42cbdf3d e-flex e-con-boxed wpr-particle-no wpr-jarallax-no wpr-parallax-no wpr-sticky-section-no e-con e-parent\" data-id=\"42cbdf3d\" data-element_type=\"container\" data-e-type=\"container\" data-settings=\"{&quot;background_background&quot;:&quot;classic&quot;}\">\n\t\t\t\t\t<div class=\"e-con-inner\">\n\t\t\t\t\t<\/div>\n\t\t\t\t<\/div>\n\t\t<div class=\"elementor-element elementor-element-3b0ce647 e-flex e-con-boxed wpr-particle-no wpr-jarallax-no wpr-parallax-no wpr-sticky-section-no e-con e-parent\" data-id=\"3b0ce647\" data-element_type=\"container\" data-e-type=\"container\">\n\t\t\t\t\t<div class=\"e-con-inner\">\n\t\t<div class=\"elementor-element elementor-element-4bb3bc7b e-con-full e-flex wpr-particle-no wpr-jarallax-no wpr-parallax-no wpr-sticky-section-no e-con e-child\" data-id=\"4bb3bc7b\" data-element_type=\"container\" data-e-type=\"container\">\n\t\t\t\t<div class=\"elementor-element elementor-element-30ffa87c elementor-widget elementor-widget-heading\" data-id=\"30ffa87c\" data-element_type=\"widget\" data-e-type=\"widget\" data-widget_type=\"heading.default\">\n\t\t\t\t<div class=\"elementor-widget-container\">\n\t\t\t\t\t<h1 class=\"elementor-heading-title elementor-size-default\">Excursiones por el desierto de Fez<\/h1>\t\t\t\t<\/div>\n\t\t\t\t<\/div>\n\t\t\t\t<div class=\"elementor-element elementor-element-6f3f9c8a elementor-widget elementor-widget-text-editor\" data-id=\"6f3f9c8a\" data-element_type=\"widget\" data-e-type=\"widget\" data-widget_type=\"text-editor.default\">\n\t\t\t\t<div class=\"elementor-widget-container\">\n\t\t\t\t\t\t\t\t\t<p data-pm-slice=\"1 1 []\">Emb\u00e1rquese en una aventura inolvidable desde <strong data-start=\"111\" data-end=\"139\">De Fez al desierto del S\u00e1hara<\/strong>donde le esperan dunas doradas, excursiones en camello y noches estrelladas en el desierto. Recorra paisajes sobrecogedores, visite antiguas kasbahs y viva la rica cultura bereber. Tanto si busca una <strong data-start=\"338\" data-end=\"364\">excursi\u00f3n corta por el desierto<\/strong> o una <strong data-start=\"370\" data-end=\"388\">tour de varios d\u00edas<\/strong>Nuestros itinerarios, cuidadosamente elaborados, garantizan una experiencia marroqu\u00ed aut\u00e9ntica y envolvente. Acomp\u00e1\u00f1enos en un viaje extraordinario m\u00e1s all\u00e1 de la ciudad y al coraz\u00f3n del desierto.<\/p>\t\t\t\t\t\t\t\t<\/div>\n\t\t\t\t<\/div>\n\t\t\t\t<\/div>\n\t\t\t\t\t<\/div>\n\t\t\t\t<\/div>\n\t\t<div class=\"elementor-element elementor-element-1973ee02 e-flex e-con-boxed wpr-particle-no wpr-jarallax-no wpr-parallax-no wpr-sticky-section-no e-con e-parent\" data-id=\"1973ee02\" data-element_type=\"container\" data-e-type=\"container\">\n\t\t\t\t\t<div class=\"e-con-inner\">\n\t\t\t\t<div class=\"elementor-element elementor-element-4817ca48 elementor-view-default elementor-widget elementor-widget-icon\" data-id=\"4817ca48\" data-element_type=\"widget\" data-e-type=\"widget\" data-settings=\"{&quot;_animation&quot;:&quot;none&quot;}\" data-widget_type=\"icon.default\">\n\t\t\t\t<div class=\"elementor-widget-container\">\n\t\t\t\t\t\t\t<div class=\"elementor-icon-wrapper\">\n\t\t\t<div class=\"elementor-icon\">\n\t\t\t<svg aria-hidden=\"true\" class=\"e-font-icon-svg e-fas-long-arrow-alt-down\" viewbox=\"0 0 256 512\" xmlns=\"http:\/\/www.w3.org\/2000\/svg\"><path d=\"M168 345.941V44c0-6.627-5.373-12-12-12h-56c-6.627 0-12 5.373-12 12v301.941H41.941c-21.382 0-32.09 25.851-16.971 40.971l86.059 86.059c9.373 9.373 24.569 9.373 33.941 0l86.059-86.059c15.119-15.119 4.411-40.971-16.971-40.971H168z\"><\/path><\/svg>\t\t\t<\/div>\n\t\t<\/div>\n\t\t\t\t\t\t<\/div>\n\t\t\t\t<\/div>\n\t\t\t\t\t<\/div>\n\t\t\t\t<\/div>\n\t\t\t\t<section class=\"elementor-section elementor-top-section elementor-element elementor-element-61413ae5 elementor-section-boxed elementor-section-height-default elementor-section-height-default wpr-particle-no wpr-jarallax-no wpr-parallax-no wpr-sticky-section-no\" data-id=\"61413ae5\" data-element_type=\"section\" data-e-type=\"section\">\n\t\t\t\t\t\t<div class=\"elementor-container elementor-column-gap-default\">\n\t\t\t\t\t<div class=\"elementor-column elementor-col-100 elementor-top-column elementor-element elementor-element-6682c975\" data-id=\"6682c975\" data-element_type=\"column\" data-e-type=\"column\">\n\t\t\t<div class=\"elementor-widget-wrap elementor-element-populated\">\n\t\t\t\t\t\t<div class=\"elementor-element elementor-element-2dc9b9c7 elementor-grid-eael-col-4 elementor-grid-tablet-eael-col-2 elementor-grid-mobile-eael-col-1 elementor-widget elementor-widget-eael-post-grid\" data-id=\"2dc9b9c7\" data-element_type=\"widget\" data-e-type=\"widget\" data-settings=\"{&quot;eael_post_grid_columns&quot;:&quot;eael-col-4&quot;,&quot;eael_post_grid_columns_tablet&quot;:&quot;eael-col-2&quot;,&quot;eael_post_grid_columns_mobile&quot;:&quot;eael-col-1&quot;}\" data-widget_type=\"eael-post-grid.default\">\n\t\t\t\t<div class=\"elementor-widget-container\">\n\t\t\t\t\t<div id=\"eael-post-grid-2dc9b9c7\" class=\"eael-post-grid-container\">\n            <div class=\"eael-post-grid eael-post-appender eael-post-appender-2dc9b9c7 eael-post-grid-style-one\" data-layout-mode=\"grid\"><article class=\"eael-grid-post  eael-post-grid-column eael-pg-post-163\" data-id=\"163\">\n        <div class=\"eael-grid-post-holder\">\n            <div class=\"eael-grid-post-holder-inner\"><div class=\"eael-entry-media\"><div class=\"eael-entry-overlay fade-in\"><i class=\"fas fa-long-arrow-alt-right\" aria-hidden=\"true\"><\/i><a href=\"https:\/\/desertmarrakechtours.com\/es\/rutas-por-el-desierto-desde-fez\/desierto-de-fez-a-marrakech-5-dias\/\"><\/a><\/div><div class=\"eael-entry-thumbnail\">\n                <img fetchpriority=\"high\" decoding=\"async\" width=\"404\" height=\"500\" src=\"https:\/\/desertmarrakechtours.com\/wp-content\/uploads\/2024\/12\/Fes-to-Marrakech-Desert-tour-5-Days.jpg\" class=\"attachment-full size-full wp-image-164\" alt=\"Excursi\u00f3n de 5 d\u00edas desde Fez a Marrakech por el desierto\" srcset=\"https:\/\/desertmarrakechtours.com\/wp-content\/uploads\/2024\/12\/Fes-to-Marrakech-Desert-tour-5-Days.jpg 404w, https:\/\/desertmarrakechtours.com\/wp-content\/uploads\/2024\/12\/Fes-to-Marrakech-Desert-tour-5-Days-242x300.jpg 242w\" sizes=\"(max-width: 404px) 100vw, 404px\" \/>\n            <\/div>\n        <\/div><div class=\"eael-entry-wrapper\"><header class=\"eael-entry-header\"><h4 class=\"eael-entry-title\"><a class=\"eael-grid-post-link\" href=\"https:\/\/desertmarrakechtours.com\/es\/rutas-por-el-desierto-desde-fez\/desierto-de-fez-a-marrakech-5-dias\/\" title=\"Desierto de Fez a Marrakech 5 d\u00edas\">Desierto de Fez a Marrakech 5 d\u00edas<\/a><\/h4><\/header><div class=\"eael-entry-content\">\n                        <div class=\"eael-grid-post-excerpt\"><a href=\"https:\/\/desertmarrakechtours.com\/es\/rutas-por-el-desierto-desde-fez\/desierto-de-fez-a-marrakech-5-dias\/\" class=\"eael-post-elements-readmore-btn\">Leer m\u00e1s<\/a><\/div>\n                    <\/div><\/div><\/div>\n        <\/div>\n    <\/article><article class=\"eael-grid-post  eael-post-grid-column eael-pg-post-128\" data-id=\"128\">\n        <div class=\"eael-grid-post-holder\">\n            <div class=\"eael-grid-post-holder-inner\"><div class=\"eael-entry-media\"><div class=\"eael-entry-overlay fade-in\"><i class=\"fas fa-long-arrow-alt-right\" aria-hidden=\"true\"><\/i><a href=\"https:\/\/desertmarrakechtours.com\/es\/rutas-por-el-desierto-desde-fez\/desierto-de-fez-a-marrakech-4-dias\/\"><\/a><\/div><div class=\"eael-entry-thumbnail\">\n                <img decoding=\"async\" width=\"404\" height=\"500\" src=\"https:\/\/desertmarrakechtours.com\/wp-content\/uploads\/2024\/12\/Fes-to-Marrakech-Desert-4-Days.jpg\" class=\"attachment-full size-full wp-image-129\" alt=\"Excursi\u00f3n de 4 d\u00edas desde Fez a Marrakech por el desierto\" srcset=\"https:\/\/desertmarrakechtours.com\/wp-content\/uploads\/2024\/12\/Fes-to-Marrakech-Desert-4-Days.jpg 404w, https:\/\/desertmarrakechtours.com\/wp-content\/uploads\/2024\/12\/Fes-to-Marrakech-Desert-4-Days-242x300.jpg 242w\" sizes=\"(max-width: 404px) 100vw, 404px\" \/>\n            <\/div>\n        <\/div><div class=\"eael-entry-wrapper\"><header class=\"eael-entry-header\"><h4 class=\"eael-entry-title\"><a class=\"eael-grid-post-link\" href=\"https:\/\/desertmarrakechtours.com\/es\/rutas-por-el-desierto-desde-fez\/desierto-de-fez-a-marrakech-4-dias\/\" title=\"Desierto de Fez a Marrakech 4 d\u00edas\">Desierto de Fez a Marrakech 4 d\u00edas<\/a><\/h4><\/header><div class=\"eael-entry-content\">\n                        <div class=\"eael-grid-post-excerpt\"><a href=\"https:\/\/desertmarrakechtours.com\/es\/rutas-por-el-desierto-desde-fez\/desierto-de-fez-a-marrakech-4-dias\/\" class=\"eael-post-elements-readmore-btn\">Leer m\u00e1s<\/a><\/div>\n                    <\/div><\/div><\/div>\n        <\/div>\n    <\/article><article class=\"eael-grid-post  eael-post-grid-column eael-pg-post-125\" data-id=\"125\">\n        <div class=\"eael-grid-post-holder\">\n            <div class=\"eael-grid-post-holder-inner\"><div class=\"eael-entry-media\"><div class=\"eael-entry-overlay fade-in\"><i class=\"fas fa-long-arrow-alt-right\" aria-hidden=\"true\"><\/i><a href=\"https:\/\/desertmarrakechtours.com\/es\/rutas-por-el-desierto-desde-fez\/fes-marrakech-desierto-3-dias\/\"><\/a><\/div><div class=\"eael-entry-thumbnail\">\n                <img decoding=\"async\" width=\"404\" height=\"500\" src=\"https:\/\/desertmarrakechtours.com\/wp-content\/uploads\/2024\/12\/Fes-to-Marrakech-Desert-3-Days.jpg\" class=\"attachment-full size-full wp-image-126\" alt=\"Excursi\u00f3n de 3 d\u00edas desde Fez a Marrakech por el desierto\" srcset=\"https:\/\/desertmarrakechtours.com\/wp-content\/uploads\/2024\/12\/Fes-to-Marrakech-Desert-3-Days.jpg 404w, https:\/\/desertmarrakechtours.com\/wp-content\/uploads\/2024\/12\/Fes-to-Marrakech-Desert-3-Days-242x300.jpg 242w\" sizes=\"(max-width: 404px) 100vw, 404px\" \/>\n            <\/div>\n        <\/div><div class=\"eael-entry-wrapper\"><header class=\"eael-entry-header\"><h4 class=\"eael-entry-title\"><a class=\"eael-grid-post-link\" href=\"https:\/\/desertmarrakechtours.com\/es\/rutas-por-el-desierto-desde-fez\/fes-marrakech-desierto-3-dias\/\" title=\"Desierto de Fez a Marrakech 3 d\u00edas\">Desierto de Fez a Marrakech 3 d\u00edas<\/a><\/h4><\/header><div class=\"eael-entry-content\">\n                        <div class=\"eael-grid-post-excerpt\"><a href=\"https:\/\/desertmarrakechtours.com\/es\/rutas-por-el-desierto-desde-fez\/fes-marrakech-desierto-3-dias\/\" class=\"eael-post-elements-readmore-btn\">Leer m\u00e1s<\/a><\/div>\n                    <\/div><\/div><\/div>\n        <\/div>\n    <\/article><article class=\"eael-grid-post  eael-post-grid-column eael-pg-post-122\" data-id=\"122\">\n        <div class=\"eael-grid-post-holder\">\n            <div class=\"eael-grid-post-holder-inner\"><div class=\"eael-entry-media\"><div class=\"eael-entry-overlay fade-in\"><i class=\"fas fa-long-arrow-alt-right\" aria-hidden=\"true\"><\/i><a href=\"https:\/\/desertmarrakechtours.com\/es\/rutas-por-el-desierto-desde-fez\/excursion-de-2-dias-de-fez-a-marrakech-por-el-desierto\/\"><\/a><\/div><div class=\"eael-entry-thumbnail\">\n                <img loading=\"lazy\" decoding=\"async\" width=\"404\" height=\"500\" src=\"https:\/\/desertmarrakechtours.com\/wp-content\/uploads\/2024\/12\/Fes-to-Marrakech-Desert-2-Days.jpg\" class=\"attachment-full size-full wp-image-123\" alt=\"Desierto de Fez a Marrakech 2 d\u00edas\" srcset=\"https:\/\/desertmarrakechtours.com\/wp-content\/uploads\/2024\/12\/Fes-to-Marrakech-Desert-2-Days.jpg 404w, https:\/\/desertmarrakechtours.com\/wp-content\/uploads\/2024\/12\/Fes-to-Marrakech-Desert-2-Days-242x300.jpg 242w\" sizes=\"(max-width: 404px) 100vw, 404px\" \/>\n            <\/div>\n        <\/div><div class=\"eael-entry-wrapper\"><header class=\"eael-entry-header\"><h4 class=\"eael-entry-title\"><a class=\"eael-grid-post-link\" href=\"https:\/\/desertmarrakechtours.com\/es\/rutas-por-el-desierto-desde-fez\/excursion-de-2-dias-de-fez-a-marrakech-por-el-desierto\/\" title=\"Excursi\u00f3n de 2 d\u00edas de Fez a Marrakech por el desierto\">Excursi\u00f3n de 2 d\u00edas de Fez a Marrakech por el desierto<\/a><\/h4><\/header><div class=\"eael-entry-content\">\n                        <div class=\"eael-grid-post-excerpt\"><a href=\"https:\/\/desertmarrakechtours.com\/es\/rutas-por-el-desierto-desde-fez\/excursion-de-2-dias-de-fez-a-marrakech-por-el-desierto\/\" class=\"eael-post-elements-readmore-btn\">Leer m\u00e1s<\/a><\/div>\n                    <\/div><\/div><\/div>\n        <\/div>\n    <\/article><\/div>\n            <div class=\"clearfix\"><\/div>\n        <\/div>\t\t\t\t<\/div>\n\t\t\t\t<\/div>\n\t\t\t\t\t<\/div>\n\t\t<\/div>\n\t\t\t\t\t<\/div>\n\t\t<\/section>\n\t\t\t\t<\/div>","protected":false},"excerpt":{"rendered":"<p>Fes Desert Tours &amp; Excursions Embark on an unforgettable adventure from Fes to the Sahara Desert, where golden dunes, camel treks, and starry desert nights await. Travel through breathtaking landscapes, visit ancient kasbahs, and experience the rich Berber culture. Whether you&#8217;re looking for a short desert excursion or a multi-day tour, our carefully crafted itineraries ensure an immersive and authentic Moroccan experience. Join us for an extraordinary journey beyond the city and into the heart of the desert! Fes to Marrakech Desert Tour 5 Days Read More Fes to Marrakech Desert Tour 4 Days Read More Fes to Marrakech Desert 3 Days Read More Fes to Marrakech Desert Tour 2 Days Read More<\/p>","protected":false},"author":1,"featured_media":2383,"parent":0,"menu_order":0,"comment_status":"closed","ping_status":"closed","template":"elementor_header_footer","meta":{"site-sidebar-layout":"no-sidebar","site-content-layout":"","ast-site-content-layout":"full-width-container","site-content-style":"default","site-sidebar-style":"default","ast-global-header-display":"","ast-banner-title-visibility":"","ast-main-header-display":"","ast-hfb-above-header-display":"","ast-hfb-below-header-display":"","ast-hfb-mobile-header-display":"","site-post-title":"disabled","ast-breadcrumbs-content":"","ast-featured-img":"disabled","footer-sml-layout":"","ast-disable-related-posts":"","theme-transparent-header-meta":"","adv-header-id-meta":"","stick-header-meta":"","header-above-stick-meta":"","header-main-stick-meta":"","header-below-stick-meta":"","astra-migrate-meta-layouts":"default","ast-page-background-enabled":"default","ast-page-background-meta":{"desktop":{"background-color":"var(--ast-global-color-4)","background-image":"","background-repeat":"repeat","background-position":"center center","background-size":"auto","background-attachment":"scroll","background-type":"","background-media":"","overlay-type":"","overlay-color":"","overlay-opacity":"","overlay-gradient":""},"tablet":{"background-color":"","background-image":"","background-repeat":"repeat","background-position":"center center","background-size":"auto","background-attachment":"scroll","background-type":"","background-media":"","overlay-type":"","overlay-color":"","overlay-opacity":"","overlay-gradient":""},"mobile":{"background-color":"","background-image":"","background-repeat":"repeat","background-position":"center center","background-size":"auto","background-attachment":"scroll","background-type":"","background-media":"","overlay-type":"","overlay-color":"","overlay-opacity":"","overlay-gradient":""}},"ast-content-background-meta":{"desktop":{"background-color":"var(--ast-global-color-5)","background-image":"","background-repeat":"repeat","background-position":"center center","background-size":"auto","background-attachment":"scroll","background-type":"","background-media":"","overlay-type":"","overlay-color":"","overlay-opacity":"","overlay-gradient":""},"tablet":{"background-color":"var(--ast-global-color-5)","background-image":"","background-repeat":"repeat","background-position":"center center","background-size":"auto","background-attachment":"scroll","background-type":"","background-media":"","overlay-type":"","overlay-color":"","overlay-opacity":"","overlay-gradient":""},"mobile":{"background-color":"var(--ast-global-color-5)","background-image":"","background-repeat":"repeat","background-position":"center center","background-size":"auto","background-attachment":"scroll","background-type":"","background-media":"","overlay-type":"","overlay-color":"","overlay-opacity":"","overlay-gradient":""}},"_glsr_average":0,"_glsr_ranking":0,"_glsr_reviews":0,"footnotes":""},"class_list":["post-32","page","type-page","status-publish","has-post-thumbnail","hentry"],"_links":{"self":[{"href":"https:\/\/desertmarrakechtours.com\/es\/wp-json\/wp\/v2\/pages\/32","targetHints":{"allow":["GET"]}}],"collection":[{"href":"https:\/\/desertmarrakechtours.com\/es\/wp-json\/wp\/v2\/pages"}],"about":[{"href":"https:\/\/desertmarrakechtours.com\/es\/wp-json\/wp\/v2\/types\/page"}],"author":[{"embeddable":true,"href":"https:\/\/desertmarrakechtours.com\/es\/wp-json\/wp\/v2\/users\/1"}],"replies":[{"embeddable":true,"href":"https:\/\/desertmarrakechtours.com\/es\/wp-json\/wp\/v2\/comments?post=32"}],"version-history":[{"count":5,"href":"https:\/\/desertmarrakechtours.com\/es\/wp-json\/wp\/v2\/pages\/32\/revisions"}],"predecessor-version":[{"id":2388,"href":"https:\/\/desertmarrakechtours.com\/es\/wp-json\/wp\/v2\/pages\/32\/revisions\/2388"}],"wp:featuredmedia":[{"embeddable":true,"href":"https:\/\/desertmarrakechtours.com\/es\/wp-json\/wp\/v2\/media\/2383"}],"wp:attachment":[{"href":"https:\/\/desertmarrakechtours.com\/es\/wp-json\/wp\/v2\/media?parent=32"}],"curies":[{"name":"wp","href":"https:\/\/api.w.org\/{rel}","templated":true}]}}