{"id":1808,"date":"2025-02-13T10:04:00","date_gmt":"2025-02-13T10:04:00","guid":{"rendered":"https:\/\/desertmarrakechtours.com\/?page_id=1808"},"modified":"2025-02-27T16:29:29","modified_gmt":"2025-02-27T16:29:29","slug":"tours-desde-tanger","status":"publish","type":"page","link":"https:\/\/desertmarrakechtours.com\/es\/tours-desde-tanger\/","title":{"rendered":"Viajes desde T\u00e1nger"},"content":{"rendered":"<div data-elementor-type=\"wp-page\" data-elementor-id=\"1808\" class=\"elementor elementor-1808\">\n\t\t\t\t<div class=\"elementor-element elementor-element-469dbce3 e-flex e-con-boxed wpr-particle-no wpr-jarallax-no wpr-parallax-no wpr-sticky-section-no e-con e-parent\" data-id=\"469dbce3\" data-element_type=\"container\" data-e-type=\"container\" data-settings=\"{&quot;background_background&quot;:&quot;classic&quot;}\">\n\t\t\t\t\t<div class=\"e-con-inner\">\n\t\t\t\t\t<\/div>\n\t\t\t\t<\/div>\n\t\t<div class=\"elementor-element elementor-element-566d3bff e-flex e-con-boxed wpr-particle-no wpr-jarallax-no wpr-parallax-no wpr-sticky-section-no e-con e-parent\" data-id=\"566d3bff\" data-element_type=\"container\" data-e-type=\"container\">\n\t\t\t\t\t<div class=\"e-con-inner\">\n\t\t<div class=\"elementor-element elementor-element-4b242077 e-con-full e-flex wpr-particle-no wpr-jarallax-no wpr-parallax-no wpr-sticky-section-no e-con e-child\" data-id=\"4b242077\" data-element_type=\"container\" data-e-type=\"container\">\n\t\t\t\t<div class=\"elementor-element elementor-element-1a4e1541 elementor-widget elementor-widget-heading\" data-id=\"1a4e1541\" data-element_type=\"widget\" data-e-type=\"widget\" data-widget_type=\"heading.default\">\n\t\t\t\t<div class=\"elementor-widget-container\">\n\t\t\t\t\t<h1 class=\"elementor-heading-title elementor-size-default\">Excursiones desde T\u00e1nger y viajes al desierto<\/h1>\t\t\t\t<\/div>\n\t\t\t\t<\/div>\n\t\t\t\t<div class=\"elementor-element elementor-element-32191b32 elementor-widget elementor-widget-text-editor\" data-id=\"32191b32\" data-element_type=\"widget\" data-e-type=\"widget\" data-widget_type=\"text-editor.default\">\n\t\t\t\t<div class=\"elementor-widget-container\">\n\t\t\t\t\t\t\t\t\t<p data-pm-slice=\"1 1 []\">Comience su aventura en <strong data-start=\"119\" data-end=\"130\">T\u00e1nger<\/strong>El aeropuerto m\u00e1s cercano a Marruecos, la puerta de entrada al pa\u00eds, le permitir\u00e1 embarcarse en un viaje inolvidable por los destinos m\u00e1s impresionantes del pa\u00eds. Pasee por las azules calles de <strong data-start=\"291\" data-end=\"306\">Chefchaouen<\/strong>explore la rica historia de <strong data-start=\"336\" data-end=\"343\">Fez<\/strong>Fez <strong data-start=\"377\" data-end=\"394\">Desierto del S\u00e1hara<\/strong> con una excursi\u00f3n en camello y una noche bajo las estrellas. Tanto si busca una inmersi\u00f3n cultural, paisajes pintorescos o emocionantes aventuras en el desierto, nuestro <strong data-start=\"550\" data-end=\"580\">Viajes a Marruecos desde T\u00e1nger<\/strong> ofrecen la mezcla perfecta de historia, naturaleza y tradiciones locales. Prep\u00e1rese para explorar Marruecos como nunca.<\/p>\t\t\t\t\t\t\t\t<\/div>\n\t\t\t\t<\/div>\n\t\t\t\t<\/div>\n\t\t\t\t\t<\/div>\n\t\t\t\t<\/div>\n\t\t<div class=\"elementor-element elementor-element-4b71e1d2 e-flex e-con-boxed wpr-particle-no wpr-jarallax-no wpr-parallax-no wpr-sticky-section-no e-con e-parent\" data-id=\"4b71e1d2\" data-element_type=\"container\" data-e-type=\"container\">\n\t\t\t\t\t<div class=\"e-con-inner\">\n\t\t\t\t<div class=\"elementor-element elementor-element-3fb7e03a elementor-view-default elementor-widget elementor-widget-icon\" data-id=\"3fb7e03a\" data-element_type=\"widget\" data-e-type=\"widget\" data-settings=\"{&quot;_animation&quot;:&quot;none&quot;}\" data-widget_type=\"icon.default\">\n\t\t\t\t<div class=\"elementor-widget-container\">\n\t\t\t\t\t\t\t<div class=\"elementor-icon-wrapper\">\n\t\t\t<div class=\"elementor-icon\">\n\t\t\t<svg aria-hidden=\"true\" class=\"e-font-icon-svg e-fas-long-arrow-alt-down\" viewbox=\"0 0 256 512\" xmlns=\"http:\/\/www.w3.org\/2000\/svg\"><path d=\"M168 345.941V44c0-6.627-5.373-12-12-12h-56c-6.627 0-12 5.373-12 12v301.941H41.941c-21.382 0-32.09 25.851-16.971 40.971l86.059 86.059c9.373 9.373 24.569 9.373 33.941 0l86.059-86.059c15.119-15.119 4.411-40.971-16.971-40.971H168z\"><\/path><\/svg>\t\t\t<\/div>\n\t\t<\/div>\n\t\t\t\t\t\t<\/div>\n\t\t\t\t<\/div>\n\t\t\t\t\t<\/div>\n\t\t\t\t<\/div>\n\t\t\t\t<section class=\"elementor-section elementor-top-section elementor-element elementor-element-3c7d71c7 elementor-section-boxed elementor-section-height-default elementor-section-height-default wpr-particle-no wpr-jarallax-no wpr-parallax-no wpr-sticky-section-no\" data-id=\"3c7d71c7\" data-element_type=\"section\" data-e-type=\"section\">\n\t\t\t\t\t\t<div class=\"elementor-container elementor-column-gap-default\">\n\t\t\t\t\t<div class=\"elementor-column elementor-col-100 elementor-top-column elementor-element elementor-element-4c005325\" data-id=\"4c005325\" data-element_type=\"column\" data-e-type=\"column\">\n\t\t\t<div class=\"elementor-widget-wrap elementor-element-populated\">\n\t\t\t\t\t\t<div class=\"elementor-element elementor-element-76a14086 elementor-grid-eael-col-4 elementor-grid-tablet-eael-col-2 elementor-grid-mobile-eael-col-1 elementor-widget elementor-widget-eael-post-grid\" data-id=\"76a14086\" data-element_type=\"widget\" data-e-type=\"widget\" data-settings=\"{&quot;eael_post_grid_columns&quot;:&quot;eael-col-4&quot;,&quot;eael_post_grid_columns_tablet&quot;:&quot;eael-col-2&quot;,&quot;eael_post_grid_columns_mobile&quot;:&quot;eael-col-1&quot;}\" data-widget_type=\"eael-post-grid.default\">\n\t\t\t\t<div class=\"elementor-widget-container\">\n\t\t\t\t\t<div id=\"eael-post-grid-76a14086\" class=\"eael-post-grid-container\">\n            <div class=\"eael-post-grid eael-post-appender eael-post-appender-76a14086 eael-post-grid-style-one\" data-layout-mode=\"grid\"><article class=\"eael-grid-post  eael-post-grid-column eael-pg-post-1839\" data-id=\"1839\">\n        <div class=\"eael-grid-post-holder\">\n            <div class=\"eael-grid-post-holder-inner\"><div class=\"eael-entry-media\"><div class=\"eael-entry-overlay fade-in\"><i class=\"fas fa-long-arrow-alt-right\" aria-hidden=\"true\"><\/i><a href=\"https:\/\/desertmarrakechtours.com\/es\/tours-desde-tanger\/excursion-de-4-dias-a-marruecos-desde-tanger\/\"><\/a><\/div><div class=\"eael-entry-thumbnail\">\n                <img fetchpriority=\"high\" decoding=\"async\" width=\"900\" height=\"596\" src=\"https:\/\/desertmarrakechtours.com\/wp-content\/uploads\/2025\/02\/4-Day-Morocco-Tour-from-Tangier.jpg\" class=\"attachment-full size-full wp-image-2197\" alt=\"Recorrido de 4 d\u00edas por Marruecos desde T\u00e1nger\" srcset=\"https:\/\/desertmarrakechtours.com\/wp-content\/uploads\/2025\/02\/4-Day-Morocco-Tour-from-Tangier.jpg 900w, https:\/\/desertmarrakechtours.com\/wp-content\/uploads\/2025\/02\/4-Day-Morocco-Tour-from-Tangier-300x199.jpg 300w, https:\/\/desertmarrakechtours.com\/wp-content\/uploads\/2025\/02\/4-Day-Morocco-Tour-from-Tangier-768x509.jpg 768w, https:\/\/desertmarrakechtours.com\/wp-content\/uploads\/2025\/02\/4-Day-Morocco-Tour-from-Tangier-18x12.jpg 18w\" sizes=\"(max-width: 900px) 100vw, 900px\" \/>\n            <\/div>\n        <\/div><div class=\"eael-entry-wrapper\"><header class=\"eael-entry-header\"><h4 class=\"eael-entry-title\"><a class=\"eael-grid-post-link\" href=\"https:\/\/desertmarrakechtours.com\/es\/tours-desde-tanger\/excursion-de-4-dias-a-marruecos-desde-tanger\/\" title=\"Tour de 4 d\u00edas por Marruecos desde T\u00e1nger\">Tour de 4 d\u00edas por Marruecos desde T\u00e1nger<\/a><\/h4><\/header><div class=\"eael-entry-content\">\n                        <div class=\"eael-grid-post-excerpt\"><a href=\"https:\/\/desertmarrakechtours.com\/es\/tours-desde-tanger\/excursion-de-4-dias-a-marruecos-desde-tanger\/\" class=\"eael-post-elements-readmore-btn\">Leer m\u00e1s<\/a><\/div>\n                    <\/div><\/div><\/div>\n        <\/div>\n    <\/article><article class=\"eael-grid-post  eael-post-grid-column eael-pg-post-1837\" data-id=\"1837\">\n        <div class=\"eael-grid-post-holder\">\n            <div class=\"eael-grid-post-holder-inner\"><div class=\"eael-entry-media\"><div class=\"eael-entry-overlay fade-in\"><i class=\"fas fa-long-arrow-alt-right\" aria-hidden=\"true\"><\/i><a href=\"https:\/\/desertmarrakechtours.com\/es\/tours-desde-tanger\/itinerario-10-dias-marruecos-desde-tanger\/\"><\/a><\/div><div class=\"eael-entry-thumbnail\">\n                <img decoding=\"async\" width=\"900\" height=\"596\" src=\"https:\/\/desertmarrakechtours.com\/wp-content\/uploads\/2025\/02\/10-Days-Morocco-Itinerary-from-Tangier.jpg\" class=\"attachment-full size-full wp-image-2195\" alt=\"Itinerario de 10 d\u00edas por Marruecos desde T\u00e1nger\" srcset=\"https:\/\/desertmarrakechtours.com\/wp-content\/uploads\/2025\/02\/10-Days-Morocco-Itinerary-from-Tangier.jpg 900w, https:\/\/desertmarrakechtours.com\/wp-content\/uploads\/2025\/02\/10-Days-Morocco-Itinerary-from-Tangier-300x199.jpg 300w, https:\/\/desertmarrakechtours.com\/wp-content\/uploads\/2025\/02\/10-Days-Morocco-Itinerary-from-Tangier-768x509.jpg 768w, https:\/\/desertmarrakechtours.com\/wp-content\/uploads\/2025\/02\/10-Days-Morocco-Itinerary-from-Tangier-18x12.jpg 18w\" sizes=\"(max-width: 900px) 100vw, 900px\" \/>\n            <\/div>\n        <\/div><div class=\"eael-entry-wrapper\"><header class=\"eael-entry-header\"><h4 class=\"eael-entry-title\"><a class=\"eael-grid-post-link\" href=\"https:\/\/desertmarrakechtours.com\/es\/tours-desde-tanger\/itinerario-10-dias-marruecos-desde-tanger\/\" title=\"Itinerario de 10 d\u00edas por Marruecos desde T\u00e1nger\">Itinerario de 10 d\u00edas por Marruecos desde T\u00e1nger<\/a><\/h4><\/header><div class=\"eael-entry-content\">\n                        <div class=\"eael-grid-post-excerpt\"><a href=\"https:\/\/desertmarrakechtours.com\/es\/tours-desde-tanger\/itinerario-10-dias-marruecos-desde-tanger\/\" class=\"eael-post-elements-readmore-btn\">Leer m\u00e1s<\/a><\/div>\n                    <\/div><\/div><\/div>\n        <\/div>\n    <\/article><article class=\"eael-grid-post  eael-post-grid-column eael-pg-post-1835\" data-id=\"1835\">\n        <div class=\"eael-grid-post-holder\">\n            <div class=\"eael-grid-post-holder-inner\"><div class=\"eael-entry-media\"><div class=\"eael-entry-overlay fade-in\"><i class=\"fas fa-long-arrow-alt-right\" aria-hidden=\"true\"><\/i><a href=\"https:\/\/desertmarrakechtours.com\/es\/tours-desde-tanger\/circuito-8-dias-marruecos-desde-tanger\/\"><\/a><\/div><div class=\"eael-entry-thumbnail\">\n                <img decoding=\"async\" width=\"900\" height=\"596\" src=\"https:\/\/desertmarrakechtours.com\/wp-content\/uploads\/2025\/02\/8-days-Morocco-itinerary-from-Tangier.jpg\" class=\"attachment-full size-full wp-image-2201\" alt=\"Itinerario de 8 d\u00edas por Marruecos desde T\u00e1nger\" srcset=\"https:\/\/desertmarrakechtours.com\/wp-content\/uploads\/2025\/02\/8-days-Morocco-itinerary-from-Tangier.jpg 900w, https:\/\/desertmarrakechtours.com\/wp-content\/uploads\/2025\/02\/8-days-Morocco-itinerary-from-Tangier-300x199.jpg 300w, https:\/\/desertmarrakechtours.com\/wp-content\/uploads\/2025\/02\/8-days-Morocco-itinerary-from-Tangier-768x509.jpg 768w, https:\/\/desertmarrakechtours.com\/wp-content\/uploads\/2025\/02\/8-days-Morocco-itinerary-from-Tangier-18x12.jpg 18w\" sizes=\"(max-width: 900px) 100vw, 900px\" \/>\n            <\/div>\n        <\/div><div class=\"eael-entry-wrapper\"><header class=\"eael-entry-header\"><h4 class=\"eael-entry-title\"><a class=\"eael-grid-post-link\" href=\"https:\/\/desertmarrakechtours.com\/es\/tours-desde-tanger\/circuito-8-dias-marruecos-desde-tanger\/\" title=\"8 d\u00edas por Marruecos desde T\u00e1nger\">8 d\u00edas por Marruecos desde T\u00e1nger<\/a><\/h4><\/header><div class=\"eael-entry-content\">\n                        <div class=\"eael-grid-post-excerpt\"><a href=\"https:\/\/desertmarrakechtours.com\/es\/tours-desde-tanger\/circuito-8-dias-marruecos-desde-tanger\/\" class=\"eael-post-elements-readmore-btn\">Leer m\u00e1s<\/a><\/div>\n                    <\/div><\/div><\/div>\n        <\/div>\n    <\/article><article class=\"eael-grid-post  eael-post-grid-column eael-pg-post-1833\" data-id=\"1833\">\n        <div class=\"eael-grid-post-holder\">\n            <div class=\"eael-grid-post-holder-inner\"><div class=\"eael-entry-media\"><div class=\"eael-entry-overlay fade-in\"><i class=\"fas fa-long-arrow-alt-right\" aria-hidden=\"true\"><\/i><a href=\"https:\/\/desertmarrakechtours.com\/es\/tours-desde-tanger\/itinerario-6-dias-marruecos-desde-tanger\/\"><\/a><\/div><div class=\"eael-entry-thumbnail\">\n                <img loading=\"lazy\" decoding=\"async\" width=\"900\" height=\"596\" src=\"https:\/\/desertmarrakechtours.com\/wp-content\/uploads\/2025\/02\/6-days-Morocco-itinerary-from-Tangier.jpg\" class=\"attachment-full size-full wp-image-2199\" alt=\"Itinerario de 6 d\u00edas por Marruecos desde T\u00e1nger\" srcset=\"https:\/\/desertmarrakechtours.com\/wp-content\/uploads\/2025\/02\/6-days-Morocco-itinerary-from-Tangier.jpg 900w, https:\/\/desertmarrakechtours.com\/wp-content\/uploads\/2025\/02\/6-days-Morocco-itinerary-from-Tangier-300x199.jpg 300w, https:\/\/desertmarrakechtours.com\/wp-content\/uploads\/2025\/02\/6-days-Morocco-itinerary-from-Tangier-768x509.jpg 768w, https:\/\/desertmarrakechtours.com\/wp-content\/uploads\/2025\/02\/6-days-Morocco-itinerary-from-Tangier-18x12.jpg 18w\" sizes=\"(max-width: 900px) 100vw, 900px\" \/>\n            <\/div>\n        <\/div><div class=\"eael-entry-wrapper\"><header class=\"eael-entry-header\"><h4 class=\"eael-entry-title\"><a class=\"eael-grid-post-link\" href=\"https:\/\/desertmarrakechtours.com\/es\/tours-desde-tanger\/itinerario-6-dias-marruecos-desde-tanger\/\" title=\"Itinerario de 6 d\u00edas por Marruecos desde T\u00e1nger\">Itinerario de 6 d\u00edas por Marruecos desde T\u00e1nger<\/a><\/h4><\/header><div class=\"eael-entry-content\">\n                        <div class=\"eael-grid-post-excerpt\"><a href=\"https:\/\/desertmarrakechtours.com\/es\/tours-desde-tanger\/itinerario-6-dias-marruecos-desde-tanger\/\" class=\"eael-post-elements-readmore-btn\">Leer m\u00e1s<\/a><\/div>\n                    <\/div><\/div><\/div>\n        <\/div>\n    <\/article><\/div>\n            <div class=\"clearfix\"><\/div>\n        <\/div>\t\t\t\t<\/div>\n\t\t\t\t<\/div>\n\t\t\t\t\t<\/div>\n\t\t<\/div>\n\t\t\t\t\t<\/div>\n\t\t<\/section>\n\t\t\t\t<\/div>","protected":false},"excerpt":{"rendered":"<p>Tours from Tangier &amp; Desert Trips Start your adventure in Tangier, the gateway to Morocco, and embark on an unforgettable journey through the country\u2019s most breathtaking destinations. Wander through the blue-washed streets of Chefchaouen, explore the rich history of Fes, and experience the magic of the Sahara Desert with a camel trek and an overnight stay under the stars. Whether you&#8217;re seeking cultural immersion, scenic landscapes, or thrilling desert adventures, our Morocco tours from Tangier offer the perfect blend of history, nature, and local traditions. Get ready to explore Morocco like never before! 4 Days Morocco Tour from Tangier Read More 10 Days Morocco Itinerary from Tangier Read More 8 Days Morocco Tour from Tangier Read More 6 Days Morocco Itinerary from Tangier Read More<\/p>","protected":false},"author":1,"featured_media":2376,"parent":0,"menu_order":0,"comment_status":"closed","ping_status":"closed","template":"elementor_header_footer","meta":{"site-sidebar-layout":"no-sidebar","site-content-layout":"","ast-site-content-layout":"full-width-container","site-content-style":"default","site-sidebar-style":"default","ast-global-header-display":"","ast-banner-title-visibility":"","ast-main-header-display":"","ast-hfb-above-header-display":"","ast-hfb-below-header-display":"","ast-hfb-mobile-header-display":"","site-post-title":"disabled","ast-breadcrumbs-content":"","ast-featured-img":"disabled","footer-sml-layout":"","ast-disable-related-posts":"","theme-transparent-header-meta":"","adv-header-id-meta":"","stick-header-meta":"","header-above-stick-meta":"","header-main-stick-meta":"","header-below-stick-meta":"","astra-migrate-meta-layouts":"default","ast-page-background-enabled":"default","ast-page-background-meta":{"desktop":{"background-color":"var(--ast-global-color-4)","background-image":"","background-repeat":"repeat","background-position":"center center","background-size":"auto","background-attachment":"scroll","background-type":"","background-media":"","overlay-type":"","overlay-color":"","overlay-opacity":"","overlay-gradient":""},"tablet":{"background-color":"","background-image":"","background-repeat":"repeat","background-position":"center center","background-size":"auto","background-attachment":"scroll","background-type":"","background-media":"","overlay-type":"","overlay-color":"","overlay-opacity":"","overlay-gradient":""},"mobile":{"background-color":"","background-image":"","background-repeat":"repeat","background-position":"center center","background-size":"auto","background-attachment":"scroll","background-type":"","background-media":"","overlay-type":"","overlay-color":"","overlay-opacity":"","overlay-gradient":""}},"ast-content-background-meta":{"desktop":{"background-color":"var(--ast-global-color-5)","background-image":"","background-repeat":"repeat","background-position":"center center","background-size":"auto","background-attachment":"scroll","background-type":"","background-media":"","overlay-type":"","overlay-color":"","overlay-opacity":"","overlay-gradient":""},"tablet":{"background-color":"var(--ast-global-color-5)","background-image":"","background-repeat":"repeat","background-position":"center center","background-size":"auto","background-attachment":"scroll","background-type":"","background-media":"","overlay-type":"","overlay-color":"","overlay-opacity":"","overlay-gradient":""},"mobile":{"background-color":"var(--ast-global-color-5)","background-image":"","background-repeat":"repeat","background-position":"center center","background-size":"auto","background-attachment":"scroll","background-type":"","background-media":"","overlay-type":"","overlay-color":"","overlay-opacity":"","overlay-gradient":""}},"_glsr_average":0,"_glsr_ranking":0,"_glsr_reviews":0,"footnotes":""},"class_list":["post-1808","page","type-page","status-publish","has-post-thumbnail","hentry"],"_links":{"self":[{"href":"https:\/\/desertmarrakechtours.com\/es\/wp-json\/wp\/v2\/pages\/1808","targetHints":{"allow":["GET"]}}],"collection":[{"href":"https:\/\/desertmarrakechtours.com\/es\/wp-json\/wp\/v2\/pages"}],"about":[{"href":"https:\/\/desertmarrakechtours.com\/es\/wp-json\/wp\/v2\/types\/page"}],"author":[{"embeddable":true,"href":"https:\/\/desertmarrakechtours.com\/es\/wp-json\/wp\/v2\/users\/1"}],"replies":[{"embeddable":true,"href":"https:\/\/desertmarrakechtours.com\/es\/wp-json\/wp\/v2\/comments?post=1808"}],"version-history":[{"count":4,"href":"https:\/\/desertmarrakechtours.com\/es\/wp-json\/wp\/v2\/pages\/1808\/revisions"}],"predecessor-version":[{"id":2381,"href":"https:\/\/desertmarrakechtours.com\/es\/wp-json\/wp\/v2\/pages\/1808\/revisions\/2381"}],"wp:featuredmedia":[{"embeddable":true,"href":"https:\/\/desertmarrakechtours.com\/es\/wp-json\/wp\/v2\/media\/2376"}],"wp:attachment":[{"href":"https:\/\/desertmarrakechtours.com\/es\/wp-json\/wp\/v2\/media?parent=1808"}],"curies":[{"name":"wp","href":"https:\/\/api.w.org\/{rel}","templated":true}]}}